{"id":44,"date":"2023-10-01T18:12:10","date_gmt":"2023-10-01T18:12:10","guid":{"rendered":"https:\/\/apostilleusa.online\/?page_id=44"},"modified":"2023-10-01T21:57:10","modified_gmt":"2023-10-01T21:57:10","slug":"registros-civiles","status":"publish","type":"page","link":"https:\/\/apostilleusa.online\/index.php\/registros-civiles\/","title":{"rendered":"Registros Civiles"},"content":{"rendered":"\n<p>Certificados de Matrimonio, Divorcio o Fallecimiento, <\/p>\n\n\n\n<p>Con el Apostille, el certificado de matrimonio, Divorcio o Fallecimiento obtiene la verificaci\u00f3n de autenticidad que necesita para ser usado v\u00e1lidamente en otro pa\u00eds.<\/p>\n\n\n\n<figure class=\"wp-block-image size-large is-resized\"><img loading=\"lazy\" decoding=\"async\" src=\"http:\/\/apostilleusa.online\/wp-content\/uploads\/2023\/09\/apostilles-1024x428.png\" alt=\"\" class=\"wp-image-31\" style=\"width:854px;height:357px\" width=\"854\" height=\"357\" srcset=\"https:\/\/ApostilleUSA.online\/wp-content\/uploads\/2023\/09\/apostilles-1024x428.png 1024w, https:\/\/ApostilleUSA.online\/wp-content\/uploads\/2023\/09\/apostilles-300x125.png 300w, https:\/\/ApostilleUSA.online\/wp-content\/uploads\/2023\/09\/apostilles-768x321.png 768w, https:\/\/ApostilleUSA.online\/wp-content\/uploads\/2023\/09\/apostilles.png 1057w\" sizes=\"(max-width: 854px) 100vw, 854px\" \/><\/figure>\n\n\n\n<p>El Apostille para los Registros Civiles mencionados  tiene un tramite diferente dependiendo del Estado donde el Certificado es Originado.<\/p>\n\n\n\n<p>No todos los Estados tienen los mismos requerimientos, hay algunos Estados, como el Estado de California, en algunos Condados, donde el Certificado NO debe tener mas de un a\u00f1o de expedido para poder expedirle un Apostille, y si usted desea obtener un Apostille para un certificado de Nacimiento que tenga mas antig\u00fcedad, no tiene otra opci\u00f3n que la de solicitar una nueva copia del Certificado que usted quiere Apostillar.<\/p>\n\n\n\n<p>Otros Estados igualmente tienen requisitos, tiempos de tramite, costos, formas de pago, diferentes; por eso solo las Empresas como la nuestra pueden hacerse cargo de tramites de Apostille en cualquiera de los 50 Estados y Puerto Rico en una forma efectiva, responsable y segura.<\/p>\n\n\n\n<p>El Apostille para un Certificado de Nacimiento, Matrimonio, o Fallecimiento ocurrido en la Ciudad de New York ( alguno de los 5 Boroughs ) debe de tener una \u201cLetter of Exemplification\u201d , que es como una certificaci\u00f3n de autenticidad que debe obtenerse antes de procesar un Apostille.<\/p>\n\n\n\n<p>El proceso de Apostillado de un Registro Civil de un evento ocurrido en los Estados Unidos ademas de ser complejo NO debe de confiarse a cualquier empresa, pues el documento en si es un documento importante que su perdida ocasiona un complejo proceso de reposici\u00f3n. <\/p>\n\n\n\n<p>Nuestra Empresa tiene la experiencia necesaria para el tramite de Apostille de Certificados de Nacimiento y puede brindarle este servicio de una forma econ\u00f3mica y r\u00e1pida.\u00a0<\/p>\n\n\n\n<p>Llene el formulario que aparece al pie en esta pagina para obtener mayor informaci\u00f3n de precios y tiempo de tramite.<\/p>\n\n\n<style id=\"wpforms-css-vars-root\">\n\t\t\t\t:root {\n\t\t\t\t\t--wpforms-field-border-radius: 3px;\n--wpforms-field-background-color: #ffffff;\n--wpforms-field-border-color: rgba( 0, 0, 0, 0.25 );\n--wpforms-field-text-color: rgba( 0, 0, 0, 0.7 );\n--wpforms-label-color: rgba( 0, 0, 0, 0.85 );\n--wpforms-label-sublabel-color: rgba( 0, 0, 0, 0.55 );\n--wpforms-label-error-color: #d63637;\n--wpforms-button-border-radius: 3px;\n--wpforms-button-background-color: #066aab;\n--wpforms-button-text-color: #ffffff;\n--wpforms-field-size-input-height: 43px;\n--wpforms-field-size-input-spacing: 15px;\n--wpforms-field-size-font-size: 16px;\n--wpforms-field-size-line-height: 19px;\n--wpforms-field-size-padding-h: 14px;\n--wpforms-field-size-checkbox-size: 16px;\n--wpforms-field-size-sublabel-spacing: 5px;\n--wpforms-field-size-icon-size: 1;\n--wpforms-label-size-font-size: 16px;\n--wpforms-label-size-line-height: 19px;\n--wpforms-label-size-sublabel-font-size: 14px;\n--wpforms-label-size-sublabel-line-height: 17px;\n--wpforms-button-size-font-size: 17px;\n--wpforms-button-size-height: 41px;\n--wpforms-button-size-padding-h: 15px;\n--wpforms-button-size-margin-top: 10px;\n\n\t\t\t\t}\n\t\t\t<\/style><div class=\"wpforms-container wpforms-container-full wpforms-block wpforms-block-e5cf68d3-6383-41cd-83e5-1a19233996a5 wpforms-render-modern\" id=\"wpforms-91\"><form id=\"wpforms-form-91\" class=\"wpforms-validate wpforms-form wpforms-ajax-form\" data-formid=\"91\" method=\"post\" enctype=\"multipart\/form-data\" action=\"\/index.php\/wp-json\/wp\/v2\/pages\/44\" data-token=\"0a2b5143f6ea265830070561698c4a9b\"><noscript class=\"wpforms-error-noscript\">Por favor, activa JavaScript en tu navegador para completar este formulario.<\/noscript><div class=\"wpforms-hidden\" id=\"wpforms-error-noscript\">Por favor, activa JavaScript en tu navegador para completar este formulario.<\/div><div class=\"wpforms-field-container\"><div id=\"wpforms-91-field_0-container\" class=\"wpforms-field wpforms-field-name\" data-field-id=\"0\"><fieldset><legend class=\"wpforms-field-label\">Nombre <span class=\"wpforms-required-label\" aria-hidden=\"true\">*<\/span><\/legend><div class=\"wpforms-field-row wpforms-field-medium\"><div class=\"wpforms-field-row-block wpforms-first wpforms-one-half\"><input type=\"text\" id=\"wpforms-91-field_0\" class=\"wpforms-field-name-first wpforms-field-required\" name=\"wpforms[fields][0][first]\" aria-errormessage=\"wpforms-91-field_0-error\" required><label for=\"wpforms-91-field_0\" class=\"wpforms-field-sublabel after \">Nombre<\/label><\/div><div class=\"wpforms-field-row-block wpforms-one-half\"><input type=\"text\" id=\"wpforms-91-field_0-last\" class=\"wpforms-field-name-last wpforms-field-required\" name=\"wpforms[fields][0][last]\" aria-errormessage=\"wpforms-91-field_0-last-error\" required><label for=\"wpforms-91-field_0-last\" class=\"wpforms-field-sublabel after \">Apellidos<\/label><\/div><\/div><\/fieldset><\/div><div id=\"wpforms-91-field_3-container\" class=\"wpforms-field wpforms-field-number\" data-field-id=\"3\"><label class=\"wpforms-field-label\" for=\"wpforms-91-field_3\">N\u00famero de Telefono y Pais desde donde nos escribe:<\/label><input type=\"number\" pattern=\"\\d*\" id=\"wpforms-91-field_3\" class=\"wpforms-field-medium\" name=\"wpforms[fields][3]\" aria-errormessage=\"wpforms-91-field_3-error\" aria-describedby=\"wpforms-91-field_3-description\" ><div id=\"wpforms-91-field_3-description\" class=\"wpforms-field-description\">La informaci\u00f3n de WhatsApp donde podemos contestarle<\/div><\/div><div id=\"wpforms-91-field_1-container\" class=\"wpforms-field wpforms-field-email\" data-field-id=\"1\"><label class=\"wpforms-field-label\" for=\"wpforms-91-field_1\">Correo electr\u00f3nico <span class=\"wpforms-required-label\" aria-hidden=\"true\">*<\/span><\/label><input type=\"email\" id=\"wpforms-91-field_1\" class=\"wpforms-field-medium wpforms-field-required\" name=\"wpforms[fields][1]\" spellcheck=\"false\" aria-errormessage=\"wpforms-91-field_1-error\" required><\/div><div id=\"wpforms-91-field_2-container\" class=\"wpforms-field wpforms-field-textarea\" data-field-id=\"2\"><label class=\"wpforms-field-label\" for=\"wpforms-91-field_2\">Comentario o mensaje acerca del servicio que solicita:<\/label><textarea id=\"wpforms-91-field_2\" class=\"wpforms-field-medium\" name=\"wpforms[fields][2]\" aria-errormessage=\"wpforms-91-field_2-error\" ><\/textarea><\/div><\/div><!-- .wpforms-field-container --><div class=\"wpforms-submit-container\" ><input type=\"hidden\" name=\"wpforms[id]\" value=\"91\"><input type=\"hidden\" name=\"wpforms[author]\" value=\"1\"><button type=\"submit\" name=\"wpforms[submit]\" id=\"wpforms-submit-91\" class=\"wpforms-submit\" data-alt-text=\"Enviando...\" data-submit-text=\"Enviar\" aria-live=\"assertive\" value=\"wpforms-submit\">Enviar<\/button><img loading=\"lazy\" decoding=\"async\" src=\"https:\/\/ApostilleUSA.online\/wp-content\/plugins\/wpforms-lite\/assets\/images\/submit-spin.svg\" class=\"wpforms-submit-spinner\" style=\"display: none;\" width=\"26\" height=\"26\" alt=\"Cargando\"><\/div><\/form><\/div>  <!-- .wpforms-container -->\n\n\n<figure class=\"wp-block-image is-resized\"><img loading=\"lazy\" decoding=\"async\" src=\"https:\/\/apostilleusa.online\/wp-content\/uploads\/2023\/10\/notary.jpg\" alt=\"Apostille_USA_online\" class=\"wp-image-38\" style=\"width:325px;height:218px\" width=\"325\" height=\"218\"\/><figcaption class=\"wp-element-caption\">Processing Apostille in the United States<\/figcaption><\/figure>\n","protected":false},"excerpt":{"rendered":"<p>Certificados de Matrimonio, Divorcio o Fallecimiento, Con el Apostille, el certificado de matrimonio, Divorcio o Fallecimiento obtiene la verificaci\u00f3n de autenticidad que necesita para ser [&hellip;]<\/p>\n","protected":false},"author":1,"featured_media":0,"parent":0,"menu_order":0,"comment_status":"closed","ping_status":"closed","template":"","meta":{"om_disable_all_campaigns":false,"_monsterinsights_skip_tracking":false,"_monsterinsights_sitenote_active":false,"_monsterinsights_sitenote_note":"","_monsterinsights_sitenote_category":0,"footnotes":""},"class_list":["post-44","page","type-page","status-publish","hentry"],"aioseo_notices":[],"_links":{"self":[{"href":"https:\/\/apostilleusa.online\/index.php\/wp-json\/wp\/v2\/pages\/44"}],"collection":[{"href":"https:\/\/apostilleusa.online\/index.php\/wp-json\/wp\/v2\/pages"}],"about":[{"href":"https:\/\/apostilleusa.online\/index.php\/wp-json\/wp\/v2\/types\/page"}],"author":[{"embeddable":true,"href":"https:\/\/apostilleusa.online\/index.php\/wp-json\/wp\/v2\/users\/1"}],"replies":[{"embeddable":true,"href":"https:\/\/apostilleusa.online\/index.php\/wp-json\/wp\/v2\/comments?post=44"}],"version-history":[{"count":2,"href":"https:\/\/apostilleusa.online\/index.php\/wp-json\/wp\/v2\/pages\/44\/revisions"}],"predecessor-version":[{"id":98,"href":"https:\/\/apostilleusa.online\/index.php\/wp-json\/wp\/v2\/pages\/44\/revisions\/98"}],"wp:attachment":[{"href":"https:\/\/apostilleusa.online\/index.php\/wp-json\/wp\/v2\/media?parent=44"}],"curies":[{"name":"wp","href":"https:\/\/api.w.org\/{rel}","templated":true}]}}