{"id":45,"date":"2023-10-01T18:12:10","date_gmt":"2023-10-01T18:12:10","guid":{"rendered":"https:\/\/apostilleusa.online\/?page_id=45"},"modified":"2023-10-01T21:28:52","modified_gmt":"2023-10-01T21:28:52","slug":"permiso-de-salida-de-menor","status":"publish","type":"page","link":"https:\/\/apostilleusa.online\/index.php\/permiso-de-salida-de-menor\/","title":{"rendered":"Permiso de Salida de Menor"},"content":{"rendered":"\n<div class=\"wp-block-columns is-layout-flex wp-container-core-columns-is-layout-1 wp-block-columns-is-layout-flex\">\n<div class=\"wp-block-column is-layout-flow wp-block-column-is-layout-flow\" style=\"flex-basis:33.33%\">\n<p>En Estados Unidos se encuentran muchas personas queriendo reunirse con sus hijos menores y esposa que quedaron en el exterior, pero este proceso tiene sus requisitos.<\/p>\n\n\n\n<p>Los menores que no viajen en compa\u00f1\u00eda de ambos padres deben presentar una Autorizaci\u00f3n de Viaje de el padre que no viaja en su compa\u00f1\u00eda. <\/p>\n\n\n\n<p>Las Autoridades de los aeropuertos exigir\u00e1n la presentaci\u00f3n de este documento, debidamente Notariado y con el Apostille, para permitir la salida o el Ingreso del menor.<\/p>\n\n\n\n<p>Si alguno ( o ambos ) padres se encuentra en los Estados Unidos, debe realizar el tramite en este pais.<\/p>\n\n\n\n<p>Nuestra Empresa tiene experiencia en la Elaboraci\u00f3n, Notarizacion y el Apostille de este tipo de documentos. <\/p>\n\n\n\n<p>Cons\u00faltenos para tener el agrado de colaborarle.<\/p>\n<\/div>\n\n\n\n<div class=\"wp-block-column is-layout-flow wp-block-column-is-layout-flow\" style=\"flex-basis:66.66%\">\n<figure class=\"wp-block-image size-full\"><img loading=\"lazy\" decoding=\"async\" width=\"820\" height=\"480\" src=\"http:\/\/apostilleusa.online\/wp-content\/uploads\/2023\/10\/389-3898899_globe-transparent-background-png-global-logo.png.jpeg\" alt=\"Permiso de Viaje de Menor\" class=\"wp-image-86\" srcset=\"https:\/\/ApostilleUSA.online\/wp-content\/uploads\/2023\/10\/389-3898899_globe-transparent-background-png-global-logo.png.jpeg 820w, https:\/\/ApostilleUSA.online\/wp-content\/uploads\/2023\/10\/389-3898899_globe-transparent-background-png-global-logo.png-300x176.jpeg 300w, https:\/\/ApostilleUSA.online\/wp-content\/uploads\/2023\/10\/389-3898899_globe-transparent-background-png-global-logo.png-768x450.jpeg 768w\" sizes=\"(max-width: 820px) 100vw, 820px\" \/><figcaption class=\"wp-element-caption\">Tramite de permiso de viaje de menor con Apostille<\/figcaption><\/figure>\n\n\n<style id=\"wpforms-css-vars-root\">\n\t\t\t\t:root {\n\t\t\t\t\t--wpforms-field-border-radius: 3px;\n--wpforms-field-background-color: #ffffff;\n--wpforms-field-border-color: rgba( 0, 0, 0, 0.25 );\n--wpforms-field-text-color: rgba( 0, 0, 0, 0.7 );\n--wpforms-label-color: rgba( 0, 0, 0, 0.85 );\n--wpforms-label-sublabel-color: rgba( 0, 0, 0, 0.55 );\n--wpforms-label-error-color: #d63637;\n--wpforms-button-border-radius: 3px;\n--wpforms-button-background-color: #066aab;\n--wpforms-button-text-color: #ffffff;\n--wpforms-field-size-input-height: 43px;\n--wpforms-field-size-input-spacing: 15px;\n--wpforms-field-size-font-size: 16px;\n--wpforms-field-size-line-height: 19px;\n--wpforms-field-size-padding-h: 14px;\n--wpforms-field-size-checkbox-size: 16px;\n--wpforms-field-size-sublabel-spacing: 5px;\n--wpforms-field-size-icon-size: 1;\n--wpforms-label-size-font-size: 16px;\n--wpforms-label-size-line-height: 19px;\n--wpforms-label-size-sublabel-font-size: 14px;\n--wpforms-label-size-sublabel-line-height: 17px;\n--wpforms-button-size-font-size: 17px;\n--wpforms-button-size-height: 41px;\n--wpforms-button-size-padding-h: 15px;\n--wpforms-button-size-margin-top: 10px;\n\n\t\t\t\t}\n\t\t\t<\/style><div class=\"wpforms-container wpforms-container-full wpforms-block wpforms-block-4c94dc8a-cc3a-4ee6-a9ec-12b636393b13 wpforms-render-modern\" id=\"wpforms-91\"><form id=\"wpforms-form-91\" class=\"wpforms-validate wpforms-form wpforms-ajax-form\" data-formid=\"91\" method=\"post\" enctype=\"multipart\/form-data\" action=\"\/index.php\/wp-json\/wp\/v2\/pages\/45\" data-token=\"0a2b5143f6ea265830070561698c4a9b\"><noscript class=\"wpforms-error-noscript\">Por favor, activa JavaScript en tu navegador para completar este formulario.<\/noscript><div class=\"wpforms-hidden\" id=\"wpforms-error-noscript\">Por favor, activa JavaScript en tu navegador para completar este formulario.<\/div><div class=\"wpforms-field-container\"><div id=\"wpforms-91-field_0-container\" class=\"wpforms-field wpforms-field-name\" data-field-id=\"0\"><fieldset><legend class=\"wpforms-field-label\">Nombre <span class=\"wpforms-required-label\" aria-hidden=\"true\">*<\/span><\/legend><div class=\"wpforms-field-row wpforms-field-medium\"><div class=\"wpforms-field-row-block wpforms-first wpforms-one-half\"><input type=\"text\" id=\"wpforms-91-field_0\" class=\"wpforms-field-name-first wpforms-field-required\" name=\"wpforms[fields][0][first]\" aria-errormessage=\"wpforms-91-field_0-error\" required><label for=\"wpforms-91-field_0\" class=\"wpforms-field-sublabel after \">Nombre<\/label><\/div><div class=\"wpforms-field-row-block wpforms-one-half\"><input type=\"text\" id=\"wpforms-91-field_0-last\" class=\"wpforms-field-name-last wpforms-field-required\" name=\"wpforms[fields][0][last]\" aria-errormessage=\"wpforms-91-field_0-last-error\" required><label for=\"wpforms-91-field_0-last\" class=\"wpforms-field-sublabel after \">Apellidos<\/label><\/div><\/div><\/fieldset><\/div><div id=\"wpforms-91-field_3-container\" class=\"wpforms-field wpforms-field-number\" data-field-id=\"3\"><label class=\"wpforms-field-label\" for=\"wpforms-91-field_3\">N\u00famero de Telefono y Pais desde donde nos escribe:<\/label><input type=\"number\" pattern=\"\\d*\" id=\"wpforms-91-field_3\" class=\"wpforms-field-medium\" name=\"wpforms[fields][3]\" aria-errormessage=\"wpforms-91-field_3-error\" aria-describedby=\"wpforms-91-field_3-description\" ><div id=\"wpforms-91-field_3-description\" class=\"wpforms-field-description\">La informaci\u00f3n de WhatsApp donde podemos contestarle<\/div><\/div><div id=\"wpforms-91-field_1-container\" class=\"wpforms-field wpforms-field-email\" data-field-id=\"1\"><label class=\"wpforms-field-label\" for=\"wpforms-91-field_1\">Correo electr\u00f3nico <span class=\"wpforms-required-label\" aria-hidden=\"true\">*<\/span><\/label><input type=\"email\" id=\"wpforms-91-field_1\" class=\"wpforms-field-medium wpforms-field-required\" name=\"wpforms[fields][1]\" spellcheck=\"false\" aria-errormessage=\"wpforms-91-field_1-error\" required><\/div><div id=\"wpforms-91-field_2-container\" class=\"wpforms-field wpforms-field-textarea\" data-field-id=\"2\"><label class=\"wpforms-field-label\" for=\"wpforms-91-field_2\">Comentario o mensaje acerca del servicio que solicita:<\/label><textarea id=\"wpforms-91-field_2\" class=\"wpforms-field-medium\" name=\"wpforms[fields][2]\" aria-errormessage=\"wpforms-91-field_2-error\" ><\/textarea><\/div><\/div><!-- .wpforms-field-container --><div class=\"wpforms-submit-container\" ><input type=\"hidden\" name=\"wpforms[id]\" value=\"91\"><input type=\"hidden\" name=\"wpforms[author]\" value=\"1\"><button type=\"submit\" name=\"wpforms[submit]\" id=\"wpforms-submit-91\" class=\"wpforms-submit\" data-alt-text=\"Enviando...\" data-submit-text=\"Enviar\" aria-live=\"assertive\" value=\"wpforms-submit\">Enviar<\/button><img loading=\"lazy\" decoding=\"async\" src=\"https:\/\/ApostilleUSA.online\/wp-content\/plugins\/wpforms-lite\/assets\/images\/submit-spin.svg\" class=\"wpforms-submit-spinner\" style=\"display: none;\" width=\"26\" height=\"26\" alt=\"Cargando\"><\/div><\/form><\/div>  <!-- .wpforms-container --><\/div>\n<\/div>\n","protected":false},"excerpt":{"rendered":"<p>En Estados Unidos se encuentran muchas personas queriendo reunirse con sus hijos menores y esposa que quedaron en el exterior, pero este proceso tiene sus [&hellip;]<\/p>\n","protected":false},"author":1,"featured_media":0,"parent":0,"menu_order":0,"comment_status":"closed","ping_status":"closed","template":"","meta":{"om_disable_all_campaigns":false,"_monsterinsights_skip_tracking":false,"_monsterinsights_sitenote_active":false,"_monsterinsights_sitenote_note":"","_monsterinsights_sitenote_category":0,"footnotes":""},"class_list":["post-45","page","type-page","status-publish","hentry"],"aioseo_notices":[],"_links":{"self":[{"href":"https:\/\/apostilleusa.online\/index.php\/wp-json\/wp\/v2\/pages\/45"}],"collection":[{"href":"https:\/\/apostilleusa.online\/index.php\/wp-json\/wp\/v2\/pages"}],"about":[{"href":"https:\/\/apostilleusa.online\/index.php\/wp-json\/wp\/v2\/types\/page"}],"author":[{"embeddable":true,"href":"https:\/\/apostilleusa.online\/index.php\/wp-json\/wp\/v2\/users\/1"}],"replies":[{"embeddable":true,"href":"https:\/\/apostilleusa.online\/index.php\/wp-json\/wp\/v2\/comments?post=45"}],"version-history":[{"count":2,"href":"https:\/\/apostilleusa.online\/index.php\/wp-json\/wp\/v2\/pages\/45\/revisions"}],"predecessor-version":[{"id":94,"href":"https:\/\/apostilleusa.online\/index.php\/wp-json\/wp\/v2\/pages\/45\/revisions\/94"}],"wp:attachment":[{"href":"https:\/\/apostilleusa.online\/index.php\/wp-json\/wp\/v2\/media?parent=45"}],"curies":[{"name":"wp","href":"https:\/\/api.w.org\/{rel}","templated":true}]}}